{"id":3555,"date":"2018-07-03T09:34:49","date_gmt":"2018-07-03T07:34:49","guid":{"rendered":"https:\/\/www.sport-line.it\/?page_id=3555"},"modified":"2018-07-03T11:00:36","modified_gmt":"2018-07-03T09:00:36","slug":"cookie-privacy","status":"publish","type":"page","link":"https:\/\/www.sport-line.it\/en\/cookie-privacy\/","title":{"rendered":"Information on Cookies and Privacy"},"content":{"rendered":"<div class=\"wpb-content-wrapper\"><p>[vc_row][vc_column][vc_column_text]<\/p>\n<h2>INFORMATIVA SUI COOKIE<\/h2>\n<p><strong>COOKIE<\/strong><br \/>\nPer rendere il nostro sito pi\u00f9 facile ed intuitivo facciamo uso dei cookie. I cookie sono piccole porzioni di dati che ci permettono di confrontare i visitatori nuovi e quelli passati e di capire come gli utenti navigano attraverso il nostro sito. Utilizziamo i dati raccolti grazie ai cookie per rendere l\u2019esperienza di navigazione pi\u00f9 piacevole e pi\u00f9 efficiente in futuro.<br \/>\nI cookie non registrano alcuna informazione personale su un utente e gli eventuali dati identificabili non verranno memorizzati. Se si desidera disabilitare l\u2019uso dei cookie \u00e8 necessario personalizzare le impostazioni del proprio computer impostando la cancellazione di tutti i cookie o attivando un messaggio di avviso quando i cookie vengono memorizzati. Per procedere senza modificare l\u2019applicazione dei cookie \u00e8 sufficiente continuare con la navigazione.<br \/>\nVisita <a href=\"https:\/\/www.aboutcookies.org\/\" target=\"_blank\" rel=\"noopener\">AboutCookies.org<\/a> per ulteriori informazioni sui cookie e su come influenzano la tua esperienza di navigazione.<\/p>\n<p><strong>I tipi di cookie che utilizziamo<\/strong><\/p>\n<p><strong>Cookie indispensabili<\/strong><br \/>\nQuesti cookie sono essenziali al fine di consentire di spostarsi in tutto il sito ed utilizzare a pieno le sue caratteristiche, come ad esempio accedere alle varie aree protette del sito. Senza questi cookie alcuni servizi necessari, come la compilazione di un form per un concorso, non possono essere fruiti.<\/p>\n<p><strong>Performance cookie<\/strong><br \/>\nQuesti cookie raccolgono informazioni su come gli utenti utilizzano un sito web, ad esempio, quali sono le pagine pi\u00f9 visitare, se si ricevono messaggi di errore da pagine web. Questi cookie non raccolgono informazioni che identificano un visitatore. Tutte le informazioni raccolte tramite cookie sono aggregate e quindi anonime. Vengono utilizzati solo per migliorare il funzionamento di un sito web.<br \/>\nUtilizzando il nostro sito, l\u2019utente accetta che tali cookie possono essere installati sul proprio dispositivo.<\/p>\n<p><strong>Cookie di funzionalit\u00e0<\/strong><br \/>\nI cookie consentono al sito di ricordare le scelte fatte dall\u2019utente (come il nome, la lingua o la regione di provenienza) e forniscono funzionalit\u00e0 avanzate personalizzate. Questi cookie possono essere utilizzati anche per ricordare le modifiche apportate alla dimensione del testo, font ed altre parti di pagine web che \u00e8 possibile personalizzare. Essi possono anche essere utilizzati per fornire servizi che hai chiesto come guardare un video o i commenti su un blog. Le informazioni raccolte da questi tipi di cookie possono essere rese anonime e non in grado di monitorare la vostra attivit\u00e0 di navigazione su altri siti web.<br \/>\nUtilizzando il nostro sito, l\u2019utente accetta che tali cookie possono essere installati sul proprio dispositivo.<\/p>\n<p><strong>Come gestire i cookie sul tuo PC<\/strong><br \/>\nSe si desidera consentire i cookie dal nostro sito, si prega di seguire i passaggi riportati di seguito,<\/p>\n<p><strong>Google Chrome<\/strong><br \/>\n1. Clicca su \u201cStrumenti\u201d nella parte superiore della finestra del browser e selezionare Opzioni<br \/>\n2. Fai clic sulla scheda \u2018Roba da smanettoni\u2019 , individua la sezione \u2018Privacy\u2019, e seleziona il pulsante \u201cImpostazioni contenuto\u201d<br \/>\n3. Ora seleziona \u2018Consenti dati locali da impostare\u2019<br \/>\nMicrosoft Internet Explorer 6.0, 7.0, 8.0, 9.0<br \/>\n1. Clicca su \u201cStrumenti\u201d nella parte superiore della finestra del browser e seleziona \u2018Opzioni Internet\u2019, quindi fai clic sulla scheda \u2018Privacy\u2019<br \/>\n2. Per attivare i cookie nel tuo browser, assicurati che il livello di privacy \u00e8 impostato su Medio o al di sotto,<br \/>\n3. Impostando il livello di privacy sopra il Medio disattiverai l\u2019utilizzo dei cookies.<\/p>\n<p><strong>Mozilla Firefox<\/strong><br \/>\n1. Clicca su \u201cStrumenti\u201d nella parte superiore della finestra del browser e seleziona \u201cOpzioni\u201d<br \/>\n2. Quindi seleziona l\u2019icona Privacy<br \/>\n3. Fai clic su Cookie, quindi seleziona \u2018permetto ai siti l\u2019utilizzo dei cookie\u2019<\/p>\n<p><strong>Safari<\/strong><br \/>\n1. Fai clic sull\u2019icona Cog nella parte superiore della finestra del browser e seleziona l\u2019opzione \u201cPreferenze\u201d<br \/>\n2. Fai clic su \u2018Protezione\u2019, seleziona l\u2019opzione che dice \u2018Blocco di terze parti e di cookie per la pubblicit\u00e0\u2019<br \/>\n3. Fai clic su \u2018Salva\u2019<\/p>\n<p><strong>Come gestire i cookie su Mac<\/strong><br \/>\nSe si desidera consentire i cookie dal nostro sito, si prega di seguire i passaggi riportati di seguito:<br \/>\nMicrosoft Internet Explorer 5.0 su OSX<br \/>\n1. Fai clic su \u2018Esplora\u2019 nella parte superiore della finestra del browser e seleziona l\u2019opzione \u201cPreferenze\u201d<br \/>\n2. Scorri verso il basso fino a visualizzare \u201cCookie\u201d nella sezione File Ricezione<br \/>\n3. Seleziona l\u2019opzione \u2018Non chiedere\u2019<\/p>\n<p><strong>Safari su OSX<\/strong><br \/>\n1. Fai clic su \u2018Safari\u2019 nella parte superiore della finestra del browser e seleziona l\u2019opzione \u201cPreferenze\u201d<br \/>\n2. Fai clic su \u2018Sicurezza\u2019 e poi \u2018Accetta i cookie\u2019<br \/>\n3. Seleziona \u201cSolo dal sito\u201d<\/p>\n<p><strong>Mozilla e Netscape su OSX<\/strong><br \/>\n1. Fai clic su \u2018Mozilla\u2019 o \u2018Netscape\u2019 nella parte superiore della finestra del browser e seleziona l\u2019opzione \u201cPreferenze\u201d<br \/>\n2. Scorri verso il basso fino a visualizzare i cookie sotto \u2018Privacy e sicurezza\u2019<br \/>\n3. Seleziona \u2018Abilita i cookie solo per il sito di origine\u2019<\/p>\n<p><strong>Opera<\/strong><br \/>\n1. Fai clic su \u2018Menu\u2019 nella parte superiore della finestra del browser e seleziona \u201cImpostazioni\u201d<br \/>\n2. Quindi seleziona \u201cPreferenze\u201d, seleziona la scheda \u2018Avanzate\u2019<br \/>\n3. Quindi seleziona l\u2019opzione \u2018Accetta i cookie \u201d<\/p>\n<p><strong>Google Analytics<\/strong><br \/>\nQuesto sito web utilizza Google Analytics, un servizio di analisi web fornito da Google , Inc. ( \u201cGoogle\u201d) . Google Analytics utilizza dei \u201ccookies\u201d , che sono file di testo depositati sul Vostro computer per consentire al sito web di analizzare come gli utenti utilizzano il sito . Le informazioni generate dal cookie sull\u2019utilizzo del sito web<br \/>\n( compreso il Vostro indirizzo IP anonimo ) verranno trasmesse e depositate presso i server di Google negli Stati Uniti. Google utilizzer\u00e0 queste informazioni allo scopo di esaminare il Vostro utilizzo del sito web, compilare report sulle attivit\u00e0 del sito per gli operatori dello stesso e fornire altri servizi relativi alle attivit\u00e0 del sito web e all\u2019utilizzo di internet. Google pu\u00f2 anche trasferire queste informazioni a terzi ove ci\u00f2 sia imposto dalla legge o laddove tali terzi trattino le suddette informazioni per conto di Google . Google non assocer\u00e0 il vostro indirizzo IP a nessun altro dato posseduto da Google. Potete rifiutarvi di usare i cookies selezionando l\u2019impostazione appropriata sul vostro browser, ma si prega di notare che se si fa questo non si pu\u00f2 essere in grado di utilizzare tutte le funzionalit\u00e0 di questo sito web . Utilizzando il presente sito web, voi acconsentite al trattamento dei Vostri dati da parte di Google per le modalit\u00e0 ed i fini sopraindicati .<br \/>\nSi pu\u00f2 impedire a Google il rilevamento di un cookie che viene generato a causa di e legato al Vostro utilizzo di questo sito web (compreso il Vostro indirizzo IP) e l\u2019elaborazione di tali dati scaricando e installando questo plugin per il browser : <a href=\"https:\/\/tools.google.com\/dlpage\/gaoptout?hl=en\" target=\"_blank\" rel=\"noopener\">https:\/\/tools.google.com\/dlpage\/gaoptout?hl=en<\/a><\/p>\n<h2>Policy Privacy<\/h2>\n<p><strong>Premessa<\/strong><br \/>\nIn questa pagina sono descritte le modalit\u00e0 di gestione del presente sito con riferimento al trattamento dei dati personali degli utenti che lo consultano e che fruiscono dei relativi servizi offerti dallo stesso, nel rispetto dell\u2019art. 13 D.Lgs. 30\/6\/2003 n. 196 e dell\u2019art. 13 Regolamento UE n. 2016\/679 (per brevit\u00e0 Regolamento).<br \/>\nLa presente informativa \u00e8 consultabile selezionando l\u2019apposito link in calce a tutte le pagine del sito. Per trattamento dei dati personali si intende qualsiasi operazione o insieme di operazioni compiute con o senza l\u2019ausilio di processi automatizzati e applicate a dati personali, come la raccolta, la registrazione, l\u2019organizzazione, la strutturazione, la conservazione, l\u2019adattamento o la modifica, l\u2019estrazione, la consultazione, l\u2019uso, la comunicazione mediante trasmissione, diffusione o qualsiasi altra forma di messa a disposizione, il raffronto o l\u2019interconnessione, la limitazione, la pseudonimizzazione, la cancellazione o la distruzione.<br \/>\nSi consiglia agli utenti che desiderino inviare dati tramite il sito, di leggere attentamente il contenuto della presente policy privacy prima di fornire i rispettivi dati personali.<\/p>\n<p><strong>Informazioni generali<\/strong><br \/>\nLa consultazione del sito pu\u00f2 avvenire come semplice visitatore oppure come utente registrato. Per procedere alla registrazione l\u2019utente dovr\u00e0 completare la procedura di registrazione di cui alle condizioni d\u2019uso consultabili sul sito. La procedura di iscrizione al sito comporta necessariamente l\u2019inserimento dei dati personali dell\u2019utente, i quali verranno trattati nel rispetto ed in conformit\u00e0 alla presente policy privacy ed alle normative in essa richiamate.<br \/>\nIn particolare, il trattamento dei dati sar\u00e0 effettuato nel rispetto dei principi di liceit\u00e0, correttezza, trasparenza, esattezza, integrit\u00e0 e riservatezza ai sensi dell\u2019articolo 5 del Regolamento, garantendo la tutela dei diritti dell\u2019utente previsti dagli artt. 12-22 del medesimo Regolamento.<br \/>\nIn caso di dissenso da parte dell\u2019utente rispetto al contenuto della presente policy privacy, si invita lo stesso a non dar corso alla procedura di registrazione dei suoi dati sul presente sito.<\/p>\n<p><strong>Titolare e Responsabile del trattamento<\/strong><br \/>\nIl Titolare del trattamento \u00e8 OFFICINE ROSSI MARCO SRL Via Eridania 170 &#8211; 45030 SANTA MARIA MADDALENA (Rovigo) \u2013 ITALY<\/p>\n<p>L\u2019elenco aggiornato dei responsabili e degli incaricati al trattamento \u00e8 custodito presso la sede legale del Titolare del trattamento.<br \/>\nAl soggetto Titolare e Responsabile del trattamento spetta l\u2019adozione delle decisioni in merito alle finalit\u00e0, modalit\u00e0 di trattamento dei dati, nonch\u00e9 in ordine alle misure tecniche, organizzative adeguate di cui dotarsi ai sensi dell\u2019articolo 32 del Regolamento, per garantire che il trattamento dei dati sia effettuato conformemente a quanto da quest\u2019ultimo previsto.<br \/>\nFinalit\u00e0 del trattamento<br \/>\nI dati dell\u2019utente sono raccolti ed utilizzati esclusivamente per le finalit\u00e0 di seguito riepilogate:<br \/>\n1. creazione ed attivazione account sul sito;<br \/>\n2. concludere i contratti per i servizi del Titolare;<br \/>\n3. funzionamento ed accesso ai servizi forniti dal Titolare e riservati all\u2019utente registrato;<br \/>\n4. registrazione al sito per la fruizione dei relativi servizi;<br \/>\n5. invio all\u2019indirizzo di posta elettronica fornita dall\u2019utente di buoni sconto o promozioni dallo stesso fruibili in sede di invio dell\u2019ordine di acquisto dei prodotti selezionati;<br \/>\n6. invio tramite l\u2019indirizzo di posta elettronica fornito dall\u2019utente delle risposte alle domande e\/o richieste di precisazioni formulate dall\u2019utente stesso, circa gli eventuali prodotti commercializzati ed i servizi offerti dal sito;<br \/>\n7. elaborazione di statistiche in forma anonima<\/p>\n<p>Solo previo Suo specifico e distinto consenso (artt. 23 e 130 Codice Privacy e art. 7 GDPR), per le seguenti Finalit\u00e0 di Marketing:<br \/>\n1. inviarLe via e-mail, posta e\/o sms e\/o contatti telefonici, newsletter, comunicazioni commerciali e\/o materiale pubblicitario su prodotti o servizi offerti dal Titolare e rilevazione del grado di soddisfazione sulla qualit\u00e0 dei servizi;<br \/>\n2. inviarLe via e-mail, posta e\/o sms e\/o contatti telefonici comunicazioni commerciali e\/o promozionali di soggetti terzi (ad esempio, business partner, compagnie assicurative, ecc\u2026).<\/p>\n<p><strong>Tipologie di dati trattati<\/strong><br \/>\nIl Titolare, raccoglie, gestisce e conserva i dati identificativi, personali e sensibili dell\u2019Utente, il quale, conferendo liberamente i propri dati, dichiara la propria volont\u00e0 di divenire Utente Registrato a seguito del completamento del percorso di registrazione previsto nel sito.<\/p>\n<p><strong>Dati relativi all\u2019Utente<\/strong><br \/>\nI dati identificativi e personali dell\u2019utente sono raccolti esclusivamente per le finalit\u00e0 sopra descritte. Il trattamento dei dati oltre ad avere ad oggetto dati personali (a mero titolo esemplificativo nome, cognome, indirizzo di posta elettronica), potr\u00e0 avere ad oggetto anche dati sensibili.<\/p>\n<p><strong>Dati sensibili<\/strong><br \/>\nIn sede di registrazione l\u2019utente potr\u00e0 conferire dati di natura sensibile come per esempio informazioni idonee a rivelare la sua origine razziale ed etnica.<br \/>\nDati forniti volontariamente dall\u2019utente telematicamente<br \/>\nI dati che l\u2019utente dovesse spontaneamente comunicare al Titolare utilizzando l\u2019indirizzo di posta elettronica\u00a0rossi@sport-line.it, saranno trattati nel rispetto dei principi di correttezza, liceit\u00e0, trasparenza ed adeguatezza cui il trattamento deve essere conformato, al fine di garantire la tutela della riservatezza e dei diritti dell\u2019utente. Tali dati sono utilizzati al solo scopo di eseguire il servizio e\/o la prestazione richiesta dall\u2019utente e potranno essere comunicati a terzi nel solo caso in cui ci\u00f2 sia strettamente necessario per l\u2019esecuzione della richiesta dell\u2019utente.<\/p>\n<p><strong>Comunicazione dei dati<\/strong><br \/>\nI dati personali dell\u2019utente possono essere comunicati, a soggetti determinati, incaricati dal Titolare della fornitura di servizi strumentali o necessari all\u2019esecuzione delle obbligazioni connesse alla registrazione al sito e all\u2019acquisto on line, nei limiti e in conformit\u00e0 alle istruzioni impartite.<br \/>\nIn particolare i dati potranno essere comunicati a:<br \/>\n1. persone, societ\u00e0 o studi professionali, che prestino attivit\u00e0 \u2013 a titolo esemplificativo \u2013 di assistenza, consulenza o collaborazione al Titolare in materia contabile, amministrativa, legale, tributaria e finanziaria;<br \/>\n2. soggetti terzi (corrieri, spedizionieri) incaricati del confezionamento, spedizione e\/o consegna dei prodotti ordinati dall\u2019utente registrato;<br \/>\n3. tutti quei soggetti (ivi incluse le pubbliche autorit\u00e0) che hanno accesso ai dati personali in forza di provvedimenti normativi o amministrativi.<\/p>\n<p><strong>Modalit\u00e0 di trattamento<\/strong><br \/>\nI dati dell\u2019utente saranno memorizzati sia su supporti informatici che, ove necessario, su supporti cartacei nel rispetto delle disposizioni contenute nel Regolamento: essi verranno trattati mediante operazioni di registrazione, consultazione, comunicazione, conservazione, cancellazione, rettifica, aggiornamento, effettuate in prevalenza con l\u2019ausilio di strumenti elettronici, assicurando l\u2019impiego di misure adeguate per garantire la sicurezza dei dati trattati e la riservatezza dei medesimi.<br \/>\nA seguito di controlli periodici il Titolare verificher\u00e0 la stretta pertinenza e la non eccedenza dei dati<br \/>\nraccolti rispetto agli obblighi ed alle finalit\u00e0 del trattamento.<br \/>\nL\u2019utente sar\u00e0 ritenuto responsabile della veridicit\u00e0 dei dati; spetta quindi all\u2019utente il compito di verificare la correttezza dei dati che lo riguardano ed, eventualmente, procedere alla rettifica, all\u2019aggiornamento o, comunque, alla modifica dei dati nel corso del trattamento.<br \/>\nI dati dell\u2019utente sono conservati e trattati per il tempo necessario per lo svolgimento dei servizi richiesti dallo stesso nel rispetto delle finalit\u00e0 sopra elencate nella presente informativa, in ottemperanza agli obblighi di natura civilistica, fiscale e tributaria.<br \/>\nNel caso di cancellazione di disabilitazione dell\u2019account dell\u2019utente, i dati dell\u2019utente saranno conservati esclusivamente per le tempistiche necessarie e richieste per adempiere a specifici obblighi di legge sulla conservazione di documentazione contabile e fiscale.<\/p>\n<p><strong>Diritti dell\u2019utente<\/strong><br \/>\nI soggetti cui si riferiscono i dati personali ed identificativi trattati godono dei diritti previsti dagli dal Regolamento che di seguito si riepilogano:<br \/>\nchiedere al Titolare del Trattamento l\u2019accesso ai dati personali che lo riguardano;<br \/>\nottenere l\u2019indicazione dell\u2019origine dei dati, delle finalit\u00e0 del trattamento, della logica applicata in caso di trattamento effettuato con l\u2019ausilio di strumenti elettronici, degli estremi identificativi del titolare, dei responsabili del trattamento e del rappresentante designato;<br \/>\nottenere l\u2019indicazione dei soggetti o delle categorie di soggetti ai quali i dati personali possono essere comunicati o che possono venirne a conoscenza in qualit\u00e0 di rappresentanti designati nel territorio dello stato, di responsabili o incaricati;<br \/>\nottenere l\u2019aggiornamento, la rettificazione ovvero quando vi ha interesse l\u2019integrazione dei dati;<br \/>\nla cancellazione, la trasformazione in forma anonima o la pseudonimizzazione o il blocco dei dati trattati in violazione di legge, compresi quelli per i quali non \u00e8 necessaria la conservazione in relazione agli scopi per i quali i dati sono stati raccolti o successivamente trattati;<br \/>\nproporre reclamo al Garante per la protezione dei dati personali, seguendo le procedure e le indicazioni pubblicate sul sito ufficiale dell\u2019Autorit\u00e0 su garanteprivacy.it;<br \/>\nopporsi in tutto o in parte per motivi legittimi al trattamento dei dati che lo riguardano, ancorch\u00e9 pertinenti allo scopo della raccolta.<br \/>\ntramite l\u2019apposito <a href=\"\/privacy-tools\/\">strumento a norma GDPR<\/a> messo a disposizione sul sito in maniera AUTOMATICA potrete gestire, avere accesso e cancellare i vostri dati.<br \/>\ntramite raccomandata a.r. a<br \/>\n<strong>OFFICINE ROSSI MARCO SRL Via Eridania 170<\/strong><br \/>\n<strong>45030 SANTA MARIA MADDALENA (Rovigo) \u2013 ITALY<\/strong><\/p>\n<p>tramite e-mail all\u2019indirizzo<strong> info@officinerossimarco.it<\/strong><\/p>\n<p><strong>Misure di sicurezza<\/strong><br \/>\nIl Titolare adotta misure di sicurezza, in conformit\u00e0 a quanto disposto dal Regolamento adeguate al fine di ridurre al minimo i rischi di distruzione o di perdita \u2013 anche accidentale \u2013 dei dati, di accesso non autorizzato o di trattamento non consentito o non conforme alle finalit\u00e0 di raccolta indicate nella presente Policy Privacy.<\/p>\n<p><strong>Data Breach<\/strong><br \/>\nIn ipotesi di incidente informatico che comporti la violazione dei dati trattati, il Titolare ai sensi dell\u2019articolo 33 del Regolamento \u00e8 responsabile di comunicare e notificare il fatto al Garante entro 72 ore dal momento in cui ne \u00e8 venuto a conoscenza ed al suo recapito di posta elettronica seguendo le istruzioni disponibili sul sito <a href=\"https:\/\/web.garanteprivacy.it\/rgt\/NotificaTelematica.php\" target=\"_blank\" rel=\"noopener\">https:\/\/web.garanteprivacy.it\/rgt\/NotificaTelematica.php<\/a>[\/vc_column_text][\/vc_column][\/vc_row]<\/p>\n<\/div>","protected":false},"excerpt":{"rendered":"<p>[vc_row][vc_column][vc_column_text] INFORMATIVA SUI COOKIE COOKIE Per rendere il nostro sito pi\u00f9 facile ed intuitivo facciamo uso dei cookie. I cookie sono piccole porzioni di dati che ci permettono di confrontare i visitatori nuovi e quelli passati e di capire come gli utenti navigano attraverso il nostro sito. Utilizziamo i dati raccolti grazie ai cookie per [&hellip;]<\/p>\n","protected":false},"author":1,"featured_media":0,"parent":0,"menu_order":0,"comment_status":"closed","ping_status":"closed","template":"","meta":{"footnotes":""},"class_list":["post-3555","page","type-page","status-publish","hentry"],"_links":{"self":[{"href":"https:\/\/www.sport-line.it\/en\/wp-json\/wp\/v2\/pages\/3555"}],"collection":[{"href":"https:\/\/www.sport-line.it\/en\/wp-json\/wp\/v2\/pages"}],"about":[{"href":"https:\/\/www.sport-line.it\/en\/wp-json\/wp\/v2\/types\/page"}],"author":[{"embeddable":true,"href":"https:\/\/www.sport-line.it\/en\/wp-json\/wp\/v2\/users\/1"}],"replies":[{"embeddable":true,"href":"https:\/\/www.sport-line.it\/en\/wp-json\/wp\/v2\/comments?post=3555"}],"version-history":[{"count":0,"href":"https:\/\/www.sport-line.it\/en\/wp-json\/wp\/v2\/pages\/3555\/revisions"}],"wp:attachment":[{"href":"https:\/\/www.sport-line.it\/en\/wp-json\/wp\/v2\/media?parent=3555"}],"curies":[{"name":"wp","href":"https:\/\/api.w.org\/{rel}","templated":true}]}}